{"id":122,"date":"2024-01-27T20:16:16","date_gmt":"2024-01-27T19:16:16","guid":{"rendered":"https:\/\/lukaszmyciedomowdrewnianych.wordpress.com\/?page_id=122"},"modified":"2025-01-16T14:39:54","modified_gmt":"2025-01-16T13:39:54","slug":"co-to-jest-szorowanie","status":"publish","type":"page","link":"https:\/\/lukaszmyciedomowdrewnianych.pl\/?page_id=122","title":{"rendered":"Co to jest szorowanie?"},"content":{"rendered":"\n<p>Drewniane domy s\u0105 uznawane za najbardziej trwa\u0142e budynki. Najlepszym tego przyk\u0142adem s\u0105 domy na Podhalu, a zw\u0142aszcza w Chocho\u0142owie. Jednak\u017ce takie domy s\u0105 podatne na dzia\u0142ania mikroorganizm\u00f3w, szkodnik\u00f3w, grzyb\u00f3w, bakterii czy warunk\u00f3w atmosferycznych, kt\u00f3re bardzo os\u0142abiaj\u0105 kondycj\u0119 drewna i prowadz\u0105 do tragicznych skutk\u00f3w. Najcz\u0119stszymi przypadki s\u0105 siwizny drewna czy opalanie przez s\u0142o\u0144ce. Aby domy s\u0142u\u017cy\u0142y pokoleniom powinno si\u0119 je my\u0107 \u015brednio co 2-3 lata. Dzi\u0119ki tej metodzie usuniemy grzyby, bakterie a nawet zapobiegniemy wcze\u015bniej wspomnianym efektom. <\/p>\n\n\n\n<blockquote class=\"wp-block-quote is-layout-flow wp-block-quote-is-layout-flow\">\n<p>Dzi\u0119ki takim zabiegom b\u0119dziemy mogli cieszy\u0107 si\u0119 zadbanym domem, kt\u00f3ry b\u0119dzie nam s\u0142u\u017cy\u0142 przez setki lat.<\/p>\n<\/blockquote>\n\n\n\n<p>Dzi\u0119ki metodzie szorowania dom\u00f3w unika si\u0119 zastosowa\u0144 ci\u015bnieniowych, kt\u00f3re niszcz\u0105 struktur\u0119 drewna. Mycie dom\u00f3w drewnianych jest metod\u0105 najstarsz\u0105, ale najbardziej skuteczn\u0105. Ponadto jest bezpieczna dla naszego domu oraz najmniej ingeruje w drewno.<\/p>\n\n\n\n<p>Pozdrawiamy i zapraszamy serdecznie do <a href=\"https:\/\/lukaszmyciedomowdrewnianych.pl\/?page_id=13\" data-type=\"page\" data-id=\"13\">kontaktu<\/a>.<\/p>\n\n\n\n<figure class=\"wp-block-video\"><video height=\"850\" style=\"aspect-ratio: 478 \/ 850;\" width=\"478\" controls poster=\"https:\/\/lukaszmyciedomowdrewnianych.pl\/wp-content\/uploads\/2024\/01\/lukasz_logo_black.png\" src=\"https:\/\/lukaszmyciedomowdrewnianych.pl\/wp-content\/uploads\/2024\/03\/prezentacja_uslug-1.mp4\"><\/video><\/figure>\n","protected":false},"excerpt":{"rendered":"<p>Drewniane domy s\u0105 uznawane za najbardziej trwa\u0142e budynki. Najlepszym tego przyk\u0142adem s\u0105 domy na Podhalu, a zw\u0142aszcza w Chocho\u0142owie. Jednak\u017ce takie domy s\u0105 podatne na dzia\u0142ania mikroorganizm\u00f3w, szkodnik\u00f3w, grzyb\u00f3w, bakterii czy warunk\u00f3w atmosferycznych, kt\u00f3re bardzo os\u0142abiaj\u0105 kondycj\u0119 drewna i prowadz\u0105 do tragicznych skutk\u00f3w. Najcz\u0119stszymi przypadki s\u0105 siwizny drewna czy opalanie przez s\u0142o\u0144ce. Aby domy s\u0142u\u017cy\u0142y<a class=\"more-link\" href=\"https:\/\/lukaszmyciedomowdrewnianych.pl\/?page_id=122\">Continue reading <span class=\"screen-reader-text\">&#8222;Co to jest szorowanie?&#8221;<\/span><\/a><\/p>\n","protected":false},"author":1,"featured_media":0,"parent":0,"menu_order":0,"comment_status":"closed","ping_status":"closed","template":"","meta":{"iawp_total_views":92,"footnotes":""},"class_list":["post-122","page","type-page","status-publish","hentry","entry"],"_links":{"self":[{"href":"https:\/\/lukaszmyciedomowdrewnianych.pl\/index.php?rest_route=\/wp\/v2\/pages\/122","targetHints":{"allow":["GET"]}}],"collection":[{"href":"https:\/\/lukaszmyciedomowdrewnianych.pl\/index.php?rest_route=\/wp\/v2\/pages"}],"about":[{"href":"https:\/\/lukaszmyciedomowdrewnianych.pl\/index.php?rest_route=\/wp\/v2\/types\/page"}],"author":[{"embeddable":true,"href":"https:\/\/lukaszmyciedomowdrewnianych.pl\/index.php?rest_route=\/wp\/v2\/users\/1"}],"replies":[{"embeddable":true,"href":"https:\/\/lukaszmyciedomowdrewnianych.pl\/index.php?rest_route=%2Fwp%2Fv2%2Fcomments&post=122"}],"version-history":[{"count":4,"href":"https:\/\/lukaszmyciedomowdrewnianych.pl\/index.php?rest_route=\/wp\/v2\/pages\/122\/revisions"}],"predecessor-version":[{"id":318,"href":"https:\/\/lukaszmyciedomowdrewnianych.pl\/index.php?rest_route=\/wp\/v2\/pages\/122\/revisions\/318"}],"wp:attachment":[{"href":"https:\/\/lukaszmyciedomowdrewnianych.pl\/index.php?rest_route=%2Fwp%2Fv2%2Fmedia&parent=122"}],"curies":[{"name":"wp","href":"https:\/\/api.w.org\/{rel}","templated":true}]}}