{"id":13,"date":"2024-01-22T20:32:37","date_gmt":"2024-01-22T19:32:37","guid":{"rendered":"https:\/\/lukaszmyciedomowdrewnianych.wordpress.com\/contact\/"},"modified":"2024-02-07T13:04:35","modified_gmt":"2024-02-07T12:04:35","slug":"kontakt","status":"publish","type":"page","link":"https:\/\/lukaszmyciedomowdrewnianych.pl\/?page_id=13","title":{"rendered":"Kontakt"},"content":{"rendered":"\n<p class=\"has-text-align-left\">Zapraszamy do kontaktu. Ch\u0119tnie odpowiemy na Twoje pytania i dostosujemy ofert\u0119 w zale\u017cno\u015bci od Twoich potrzeb.<\/p>\n\n\n\n<div style=\"height:32px\" aria-hidden=\"true\" class=\"wp-block-spacer desktop-only\"><\/div>\n\n\n\n<div class=\"wp-block-columns alignwide has-2-columns is-layout-flex wp-container-core-columns-is-layout-28f84493 wp-block-columns-is-layout-flex\">\n<div class=\"wp-block-column is-layout-flow wp-block-column-is-layout-flow\">\n<h2 class=\"wp-block-heading has-text-align-left\">Skontaktuj si\u0119 z nami<\/h2>\n\n\n\n<div>\n<div><a href=\"https:\/\/www.google.com\/maps\/search\/ul.+Trzech Koron 45,+Sromowce Ni\u017cne,+34-443+Polska\" target=\"_blank\" rel=\"noopener noreferrer\" title=\"Open address in Google Maps\"><div>ul. Trzech Koron 45<\/div><div><span>Sromowce Ni\u017cne<\/span>, <span><\/span> <span>34-443<\/span><\/div><div>Polska<\/div><\/a><\/div>\n<div style=\"height:20px\" aria-hidden=\"true\" class=\"wp-block-spacer\"><\/div>\n<div><a href=\"mailto:myciedomowdrewnianych@interia.pl\">myciedomowdrewnianych@interia.pl<\/a><\/div>\n<div style=\"height:20px\" aria-hidden=\"true\" class=\"wp-block-spacer\"><\/div>\n<div><span class=\"phone-prefix\"><\/span><a href=\"tel:+48731207719\">(+48) 731 207 719<\/a><\/div>\n<\/div>\n<\/div>\n\n\n\n<div class=\"wp-block-column is-layout-flow wp-block-column-is-layout-flow\">\n<div style=\"height:50px\" aria-hidden=\"true\" class=\"wp-block-spacer\"><\/div>\n\n\n\n<div class=\"wp-block-contact-form-7-contact-form-selector\">\n<div class=\"wpcf7 no-js\" id=\"wpcf7-f206-o1\" lang=\"pl-PL\" dir=\"ltr\" data-wpcf7-id=\"206\">\n<div class=\"screen-reader-response\"><p role=\"status\" aria-live=\"polite\" aria-atomic=\"true\"><\/p> <ul><\/ul><\/div>\n<form action=\"\/index.php?rest_route=%2Fwp%2Fv2%2Fpages%2F13#wpcf7-f206-o1\" method=\"post\" class=\"wpcf7-form init\" aria-label=\"Formularz kontaktowy\" novalidate=\"novalidate\" data-status=\"init\">\n<fieldset class=\"hidden-fields-container\"><input type=\"hidden\" name=\"_wpcf7\" value=\"206\" \/><input type=\"hidden\" name=\"_wpcf7_version\" value=\"6.1.5\" \/><input type=\"hidden\" name=\"_wpcf7_locale\" value=\"pl_PL\" \/><input type=\"hidden\" name=\"_wpcf7_unit_tag\" value=\"wpcf7-f206-o1\" \/><input type=\"hidden\" name=\"_wpcf7_container_post\" value=\"0\" \/><input type=\"hidden\" name=\"_wpcf7_posted_data_hash\" value=\"\" \/>\n<\/fieldset>\n<p><label> Twoje imi\u0119<br \/>\n<span class=\"wpcf7-form-control-wrap\" data-name=\"your-name\"><input size=\"40\" maxlength=\"400\" class=\"wpcf7-form-control wpcf7-text wpcf7-validates-as-required\" autocomplete=\"name\" aria-required=\"true\" aria-invalid=\"false\" value=\"\" type=\"text\" name=\"your-name\" \/><\/span> <\/label>\n<\/p>\n<p><label> Tw\u00f3j adres e-mail<br \/>\n<span class=\"wpcf7-form-control-wrap\" data-name=\"your-email\"><input size=\"40\" maxlength=\"400\" class=\"wpcf7-form-control wpcf7-email wpcf7-validates-as-required wpcf7-text wpcf7-validates-as-email\" autocomplete=\"email\" aria-required=\"true\" aria-invalid=\"false\" value=\"\" type=\"email\" name=\"your-email\" \/><\/span> <\/label>\n<\/p>\n<p><label> Twoja wiadomo\u015b\u0107<br \/>\n<span class=\"wpcf7-form-control-wrap\" data-name=\"your-message\"><textarea cols=\"40\" rows=\"10\" maxlength=\"2000\" class=\"wpcf7-form-control wpcf7-textarea\" aria-invalid=\"false\" name=\"your-message\"><\/textarea><\/span> <\/label>\n<\/p>\n<p><label> <span class=\"wpcf7-form-control-wrap\" data-name=\"acceptance-263\"><span class=\"wpcf7-form-control wpcf7-acceptance\"><span class=\"wpcf7-list-item\"><label><input type=\"checkbox\" name=\"acceptance-263\" value=\"1\" aria-invalid=\"false\" \/><span class=\"wpcf7-list-item-label\">Zgoda na przetwarzanie danych osobowych<\/span><\/label><\/span><\/span><\/span> <\/label>\n<\/p>\n<p><input class=\"wpcf7-form-control wpcf7-submit has-spinner\" type=\"submit\" value=\"Wy\u015blij\" \/>\n<\/p><div class=\"wpcf7-response-output\" aria-hidden=\"true\"><\/div>\n<\/form>\n<\/div>\n<\/div>\n<\/div>\n<\/div>\n\n\n\n<h2 class=\"wp-block-heading\">Informacja RODO<\/h2>\n\n\n\n<p>Administratorem Pa\u0144stwa danych osobowych jest \u0141ukasz Waradzyn, tel: (+48) 731 207 719, e-mail: myciedomowdrewnianych@interia.pl.<br>Pa\u0144stwa dane b\u0119d\u0105 przetwarzane w celu obs\u0142ugi wys\u0142anego zapytania i tak d\u0142ugo, jak to konieczne do obs\u0142ugi tego zapytania.<br>Maj\u0105 Pa\u0144stwo prawo do dost\u0119pu do swoich danych, ich sprostowania, usuni\u0119cia, ograniczenia przetwarzania, wniesienia sprzeciwu wobec przetwarzania oraz przeniesienia danych.<br>Mog\u0105 Pa\u0144stwo r\u00f3wnie\u017c wnie\u015b\u0107 skarg\u0119 do organu nadzorczego. Podanie danych jest dobrowolne, ale niezb\u0119dne do obs\u0142ugi zapytania.<br>Podstawa prawna: przetwarzanie jest niezb\u0119dne do podj\u0119cia dzia\u0142a\u0144 na \u017c\u0105danie osoby, kt\u00f3rej dane dotycz\u0105, przed zawarciem umowy.<\/p>\n","protected":false},"excerpt":{"rendered":"<p>Zapraszamy do kontaktu. Ch\u0119tnie odpowiemy na Twoje pytania i dostosujemy ofert\u0119 w zale\u017cno\u015bci od Twoich potrzeb. Skontaktuj si\u0119 z nami ul. Trzech Koron 45 Sromowce Ni\u017cne, 34-443 Polska myciedomowdrewnianych@interia.pl (+48) 731 207 719 Informacja RODO Administratorem Pa\u0144stwa danych osobowych jest \u0141ukasz Waradzyn, tel: (+48) 731 207 719, e-mail: myciedomowdrewnianych@interia.pl.Pa\u0144stwa dane b\u0119d\u0105 przetwarzane w celu obs\u0142ugi<a class=\"more-link\" href=\"https:\/\/lukaszmyciedomowdrewnianych.pl\/?page_id=13\">Continue reading <span class=\"screen-reader-text\">&#8222;Kontakt&#8221;<\/span><\/a><\/p>\n","protected":false},"author":1,"featured_media":0,"parent":0,"menu_order":1,"comment_status":"closed","ping_status":"closed","template":"","meta":{"iawp_total_views":108,"footnotes":""},"class_list":["post-13","page","type-page","status-publish","hentry","entry"],"_links":{"self":[{"href":"https:\/\/lukaszmyciedomowdrewnianych.pl\/index.php?rest_route=\/wp\/v2\/pages\/13","targetHints":{"allow":["GET"]}}],"collection":[{"href":"https:\/\/lukaszmyciedomowdrewnianych.pl\/index.php?rest_route=\/wp\/v2\/pages"}],"about":[{"href":"https:\/\/lukaszmyciedomowdrewnianych.pl\/index.php?rest_route=\/wp\/v2\/types\/page"}],"author":[{"embeddable":true,"href":"https:\/\/lukaszmyciedomowdrewnianych.pl\/index.php?rest_route=\/wp\/v2\/users\/1"}],"replies":[{"embeddable":true,"href":"https:\/\/lukaszmyciedomowdrewnianych.pl\/index.php?rest_route=%2Fwp%2Fv2%2Fcomments&post=13"}],"version-history":[{"count":2,"href":"https:\/\/lukaszmyciedomowdrewnianych.pl\/index.php?rest_route=\/wp\/v2\/pages\/13\/revisions"}],"predecessor-version":[{"id":210,"href":"https:\/\/lukaszmyciedomowdrewnianych.pl\/index.php?rest_route=\/wp\/v2\/pages\/13\/revisions\/210"}],"wp:attachment":[{"href":"https:\/\/lukaszmyciedomowdrewnianych.pl\/index.php?rest_route=%2Fwp%2Fv2%2Fmedia&parent=13"}],"curies":[{"name":"wp","href":"https:\/\/api.w.org\/{rel}","templated":true}]}}