{"id":145,"date":"2024-01-31T16:34:57","date_gmt":"2024-01-31T15:34:57","guid":{"rendered":"https:\/\/lukaszmyciedomowdrewnianych.wordpress.com\/?page_id=145"},"modified":"2024-03-25T22:17:52","modified_gmt":"2024-03-25T21:17:52","slug":"wycena","status":"publish","type":"page","link":"https:\/\/lukaszmyciedomowdrewnianych.pl\/?page_id=145","title":{"rendered":"Wycena"},"content":{"rendered":"\n<p>Ka\u017cd\u0105 wycen\u0119 tworzymy indywidualnie po zapoznaniu si\u0119 z obiektem i stanem kondycji drewna. Wycena jest ca\u0142kowicie darmowa. W naszej ofercie istnieje mo\u017cliwo\u015b\u0107 wycenny online dla klient\u00f3w z ca\u0142ej Polski. <\/p>\n\n\n\n<blockquote class=\"wp-block-quote is-layout-flow wp-block-quote-is-layout-flow\">\n<p>Dla sta\u0142ych klient\u00f3w oraz wi\u0119kszych zlece\u0144 przewidujemy rabaty.<\/p>\n<\/blockquote>\n\n\n\n<p>Serdecznie zapraszamy do <a href=\"https:\/\/lukaszmyciedomowdrewnianych.pl\/?page_id=13\" data-type=\"page\" data-id=\"13\">kontaktu<\/a>.<\/p>\n\n\n\n<p><\/p>\n\n\n\n<figure class=\"wp-block-image size-large\"><img loading=\"lazy\" decoding=\"async\" width=\"777\" height=\"1024\" src=\"https:\/\/lukaszmyciedomowdrewnianych.pl\/wp-content\/uploads\/2024\/03\/karczma-szczyrk-777x1024.jpg\" alt=\"\" class=\"wp-image-260\" srcset=\"https:\/\/lukaszmyciedomowdrewnianych.pl\/wp-content\/uploads\/2024\/03\/karczma-szczyrk-777x1024.jpg 777w, https:\/\/lukaszmyciedomowdrewnianych.pl\/wp-content\/uploads\/2024\/03\/karczma-szczyrk-227x300.jpg 227w, https:\/\/lukaszmyciedomowdrewnianych.pl\/wp-content\/uploads\/2024\/03\/karczma-szczyrk-768x1013.jpg 768w, https:\/\/lukaszmyciedomowdrewnianych.pl\/wp-content\/uploads\/2024\/03\/karczma-szczyrk-1165x1536.jpg 1165w, https:\/\/lukaszmyciedomowdrewnianych.pl\/wp-content\/uploads\/2024\/03\/karczma-szczyrk-1553x2048.jpg 1553w, https:\/\/lukaszmyciedomowdrewnianych.pl\/wp-content\/uploads\/2024\/03\/karczma-szczyrk-1568x2068.jpg 1568w, https:\/\/lukaszmyciedomowdrewnianych.pl\/wp-content\/uploads\/2024\/03\/karczma-szczyrk-scaled.jpg 1941w\" sizes=\"auto, (max-width: 777px) 100vw, 777px\" \/><\/figure>\n","protected":false},"excerpt":{"rendered":"<p>Ka\u017cd\u0105 wycen\u0119 tworzymy indywidualnie po zapoznaniu si\u0119 z obiektem i stanem kondycji drewna. Wycena jest ca\u0142kowicie darmowa. W naszej ofercie istnieje mo\u017cliwo\u015b\u0107 wycenny online dla klient\u00f3w z ca\u0142ej Polski. Dla sta\u0142ych klient\u00f3w oraz wi\u0119kszych zlece\u0144 przewidujemy rabaty. Serdecznie zapraszamy do kontaktu.<\/p>\n","protected":false},"author":1,"featured_media":0,"parent":0,"menu_order":0,"comment_status":"closed","ping_status":"closed","template":"","meta":{"iawp_total_views":88,"footnotes":""},"class_list":["post-145","page","type-page","status-publish","hentry","entry"],"_links":{"self":[{"href":"https:\/\/lukaszmyciedomowdrewnianych.pl\/index.php?rest_route=\/wp\/v2\/pages\/145","targetHints":{"allow":["GET"]}}],"collection":[{"href":"https:\/\/lukaszmyciedomowdrewnianych.pl\/index.php?rest_route=\/wp\/v2\/pages"}],"about":[{"href":"https:\/\/lukaszmyciedomowdrewnianych.pl\/index.php?rest_route=\/wp\/v2\/types\/page"}],"author":[{"embeddable":true,"href":"https:\/\/lukaszmyciedomowdrewnianych.pl\/index.php?rest_route=\/wp\/v2\/users\/1"}],"replies":[{"embeddable":true,"href":"https:\/\/lukaszmyciedomowdrewnianych.pl\/index.php?rest_route=%2Fwp%2Fv2%2Fcomments&post=145"}],"version-history":[{"count":2,"href":"https:\/\/lukaszmyciedomowdrewnianych.pl\/index.php?rest_route=\/wp\/v2\/pages\/145\/revisions"}],"predecessor-version":[{"id":279,"href":"https:\/\/lukaszmyciedomowdrewnianych.pl\/index.php?rest_route=\/wp\/v2\/pages\/145\/revisions\/279"}],"wp:attachment":[{"href":"https:\/\/lukaszmyciedomowdrewnianych.pl\/index.php?rest_route=%2Fwp%2Fv2%2Fmedia&parent=145"}],"curies":[{"name":"wp","href":"https:\/\/api.w.org\/{rel}","templated":true}]}}