{"id":19,"date":"2024-01-22T20:46:39","date_gmt":"2024-01-22T19:46:39","guid":{"rendered":"https:\/\/lukaszmyciedomowdrewnianych.wordpress.com\/?page_id=19"},"modified":"2024-03-25T22:16:53","modified_gmt":"2024-03-25T21:16:53","slug":"dlaczego-my","status":"publish","type":"page","link":"https:\/\/lukaszmyciedomowdrewnianych.pl\/?page_id=19","title":{"rendered":"Dlaczego my?"},"content":{"rendered":"\n<div class=\"wp-block-media-text is-stacked-on-mobile\"><figure class=\"wp-block-media-text__media\"><img loading=\"lazy\" decoding=\"async\" width=\"1001\" height=\"1000\" src=\"https:\/\/lukaszmyciedomowdrewnianych.pl\/wp-content\/uploads\/2024\/02\/lukasz_logo_black.png\" alt=\"\" class=\"wp-image-237 size-full\" srcset=\"https:\/\/lukaszmyciedomowdrewnianych.pl\/wp-content\/uploads\/2024\/02\/lukasz_logo_black.png 1001w, https:\/\/lukaszmyciedomowdrewnianych.pl\/wp-content\/uploads\/2024\/02\/lukasz_logo_black-300x300.png 300w, https:\/\/lukaszmyciedomowdrewnianych.pl\/wp-content\/uploads\/2024\/02\/lukasz_logo_black-150x150.png 150w, https:\/\/lukaszmyciedomowdrewnianych.pl\/wp-content\/uploads\/2024\/02\/lukasz_logo_black-768x767.png 768w\" sizes=\"auto, (max-width: 1001px) 100vw, 1001px\" \/><\/figure><div class=\"wp-block-media-text__content\">\n<p>Pochodzimy z g\u00f3r wi\u0119c styczno\u015b\u0107 z drewnem mamy ju\u017c od dziecka. Dzi\u0119ki tradycjom przekazywanym z pokolenia na pokolenie nauczyli\u015bmy si\u0119 jak post\u0119powa\u0107 z drewnem, a tak\u017ce mo\u017cemy pochwali\u0107 si\u0119 wielkim do\u015bwiadczeniem. <\/p>\n<\/div><\/div>\n\n\n\n<blockquote class=\"wp-block-quote is-layout-flow wp-block-quote-is-layout-flow\">\n<p class=\"has-text-align-left\">W bran\u017cy mycia dom\u00f3w drewnianych jeste\u015bmy ju\u017c blisko 10 lat. <\/p>\n<\/blockquote>\n\n\n\n<p>Zdobyte umiej\u0119tno\u015bci umo\u017cliwi\u0142y Nam utrzymanie najwy\u017cszego poziomu oraz standardu, dzi\u0119ki czemu mo\u017cemy sprosta\u0107 wyzwaniom i oczekiwaniom naszych klient\u00f3w. Myjemy r\u00f3\u017cne obiekty, np. domki letniskowe, pensjonaty, hotele albo ko\u015bcio\u0142y drewniane. W naszej pracy przede wszystkim stawiamy na jako\u015b\u0107. Dzi\u0119ki pasji do drewna potrafimy uchwyci\u0107 ka\u017cdy detal.<\/p>\n\n\n\n<blockquote class=\"wp-block-quote is-layout-flow wp-block-quote-is-layout-flow\">\n<p class=\"has-text-align-left\">Posiadamy najlepszy sprz\u0119t (np. drabiny, rusztowania z atestami), kt\u00f3ry dostarczamy na miejsce, a tak\u017ce wykorzystuj\u0105c go dbamy o nasze bezpiecze\u0144stwo.<\/p>\n<\/blockquote>\n\n\n\n<p>Oferujemy darmow\u0105 wycen\u0119 zar\u00f3wno indywidualnie u klienta, jak i online. Ponadto nasza firma oferuje doradztwo w zakresie renowacji drewna. Serdecznie zapraszamy do <a href=\"https:\/\/lukaszmyciedomowdrewnianych.pl\/?page_id=13\" data-type=\"page\" data-id=\"13\">kontaktu<\/a>.<\/p>\n\n\n\n<figure class=\"wp-block-image size-large\"><img loading=\"lazy\" decoding=\"async\" width=\"777\" height=\"1024\" src=\"https:\/\/lukaszmyciedomowdrewnianych.pl\/wp-content\/uploads\/2024\/03\/IMG_20240324_120530-777x1024.jpg\" alt=\"\" class=\"wp-image-262\" srcset=\"https:\/\/lukaszmyciedomowdrewnianych.pl\/wp-content\/uploads\/2024\/03\/IMG_20240324_120530-777x1024.jpg 777w, https:\/\/lukaszmyciedomowdrewnianych.pl\/wp-content\/uploads\/2024\/03\/IMG_20240324_120530-227x300.jpg 227w, https:\/\/lukaszmyciedomowdrewnianych.pl\/wp-content\/uploads\/2024\/03\/IMG_20240324_120530-768x1013.jpg 768w, https:\/\/lukaszmyciedomowdrewnianych.pl\/wp-content\/uploads\/2024\/03\/IMG_20240324_120530-1165x1536.jpg 1165w, https:\/\/lukaszmyciedomowdrewnianych.pl\/wp-content\/uploads\/2024\/03\/IMG_20240324_120530-1553x2048.jpg 1553w, https:\/\/lukaszmyciedomowdrewnianych.pl\/wp-content\/uploads\/2024\/03\/IMG_20240324_120530-1568x2068.jpg 1568w, https:\/\/lukaszmyciedomowdrewnianych.pl\/wp-content\/uploads\/2024\/03\/IMG_20240324_120530-scaled.jpg 1941w\" sizes=\"auto, (max-width: 777px) 100vw, 777px\" \/><\/figure>\n","protected":false},"excerpt":{"rendered":"<p>Pochodzimy z g\u00f3r wi\u0119c styczno\u015b\u0107 z drewnem mamy ju\u017c od dziecka. Dzi\u0119ki tradycjom przekazywanym z pokolenia na pokolenie nauczyli\u015bmy si\u0119 jak post\u0119powa\u0107 z drewnem, a tak\u017ce mo\u017cemy pochwali\u0107 si\u0119 wielkim do\u015bwiadczeniem. W bran\u017cy mycia dom\u00f3w drewnianych jeste\u015bmy ju\u017c blisko 10 lat. Zdobyte umiej\u0119tno\u015bci umo\u017cliwi\u0142y Nam utrzymanie najwy\u017cszego poziomu oraz standardu, dzi\u0119ki czemu mo\u017cemy sprosta\u0107 wyzwaniom<a class=\"more-link\" href=\"https:\/\/lukaszmyciedomowdrewnianych.pl\/?page_id=19\">Continue reading <span class=\"screen-reader-text\">&#8222;Dlaczego my?&#8221;<\/span><\/a><\/p>\n","protected":false},"author":1,"featured_media":0,"parent":0,"menu_order":0,"comment_status":"closed","ping_status":"closed","template":"","meta":{"iawp_total_views":110,"footnotes":""},"class_list":["post-19","page","type-page","status-publish","hentry","entry"],"_links":{"self":[{"href":"https:\/\/lukaszmyciedomowdrewnianych.pl\/index.php?rest_route=\/wp\/v2\/pages\/19","targetHints":{"allow":["GET"]}}],"collection":[{"href":"https:\/\/lukaszmyciedomowdrewnianych.pl\/index.php?rest_route=\/wp\/v2\/pages"}],"about":[{"href":"https:\/\/lukaszmyciedomowdrewnianych.pl\/index.php?rest_route=\/wp\/v2\/types\/page"}],"author":[{"embeddable":true,"href":"https:\/\/lukaszmyciedomowdrewnianych.pl\/index.php?rest_route=\/wp\/v2\/users\/1"}],"replies":[{"embeddable":true,"href":"https:\/\/lukaszmyciedomowdrewnianych.pl\/index.php?rest_route=%2Fwp%2Fv2%2Fcomments&post=19"}],"version-history":[{"count":8,"href":"https:\/\/lukaszmyciedomowdrewnianych.pl\/index.php?rest_route=\/wp\/v2\/pages\/19\/revisions"}],"predecessor-version":[{"id":277,"href":"https:\/\/lukaszmyciedomowdrewnianych.pl\/index.php?rest_route=\/wp\/v2\/pages\/19\/revisions\/277"}],"wp:attachment":[{"href":"https:\/\/lukaszmyciedomowdrewnianych.pl\/index.php?rest_route=%2Fwp%2Fv2%2Fmedia&parent=19"}],"curies":[{"name":"wp","href":"https:\/\/api.w.org\/{rel}","templated":true}]}}