{"id":20,"date":"2024-01-22T20:46:39","date_gmt":"2024-01-22T19:46:39","guid":{"rendered":"https:\/\/lukaszmyciedomowdrewnianych.wordpress.com\/?page_id=20"},"modified":"2024-08-26T15:08:31","modified_gmt":"2024-08-26T13:08:31","slug":"uslugi","status":"publish","type":"page","link":"https:\/\/lukaszmyciedomowdrewnianych.pl\/?page_id=20","title":{"rendered":"Us\u0142ugi"},"content":{"rendered":"\n<p>Oferujemy nasze us\u0142ugi na ca\u0142ym terenie Polski. W zakres naszych us\u0142ug wchodz\u0105 m.in.:<\/p>\n\n\n\n<ol class=\"wp-block-list\">\n<li>Mycie dom\u00f3w drewnianych metod\u0105 tradycyjn\u0105 (szorowanie)<\/li>\n\n\n\n<li>Impregnacja\/zabezpieczanie dom\u00f3w<\/li>\n\n\n\n<li>Mycie dom\u00f3w drewnianych wewn\u0105trz<\/li>\n\n\n\n<li>Renowacja\/szlifowanie dowolnych element\u00f3w drewnianych, np: pod\u0142ogi, \u015bciany, schody, itp.<\/li>\n\n\n\n<li>Wymiana pojedynczych gont\u00f3w i malowanie dach\u00f3w<\/li>\n\n\n\n<li>Mycie ci\u015bnieniowe, np. dach\u00f3w, kostki, elewacji<\/li>\n<\/ol>\n\n\n\n<p>Potrzebujesz pomocy, a nie wiesz czy jeste\u015bmy w stanie pom\u00f3c?<a href=\"https:\/\/lukaszmyciedomowdrewnianych.pl\/?page_id=13\" data-type=\"page\" data-id=\"13\"> Skontaktuj si\u0119 z nami<\/a>, ch\u0119tnie odpowiemy na Twoje pytania.<\/p>\n\n\n\n<figure class=\"wp-block-image size-large\"><img loading=\"lazy\" decoding=\"async\" width=\"777\" height=\"1024\" src=\"https:\/\/lukaszmyciedomowdrewnianych.pl\/wp-content\/uploads\/2024\/03\/zacieki-777x1024.jpg\" alt=\"\" class=\"wp-image-261\" srcset=\"https:\/\/lukaszmyciedomowdrewnianych.pl\/wp-content\/uploads\/2024\/03\/zacieki-777x1024.jpg 777w, https:\/\/lukaszmyciedomowdrewnianych.pl\/wp-content\/uploads\/2024\/03\/zacieki-227x300.jpg 227w, https:\/\/lukaszmyciedomowdrewnianych.pl\/wp-content\/uploads\/2024\/03\/zacieki-768x1013.jpg 768w, https:\/\/lukaszmyciedomowdrewnianych.pl\/wp-content\/uploads\/2024\/03\/zacieki-1165x1536.jpg 1165w, https:\/\/lukaszmyciedomowdrewnianych.pl\/wp-content\/uploads\/2024\/03\/zacieki-1553x2048.jpg 1553w, https:\/\/lukaszmyciedomowdrewnianych.pl\/wp-content\/uploads\/2024\/03\/zacieki-1568x2068.jpg 1568w, https:\/\/lukaszmyciedomowdrewnianych.pl\/wp-content\/uploads\/2024\/03\/zacieki-scaled.jpg 1941w\" sizes=\"auto, (max-width: 777px) 100vw, 777px\" \/><\/figure>\n","protected":false},"excerpt":{"rendered":"<p>Oferujemy nasze us\u0142ugi na ca\u0142ym terenie Polski. W zakres naszych us\u0142ug wchodz\u0105 m.in.: Potrzebujesz pomocy, a nie wiesz czy jeste\u015bmy w stanie pom\u00f3c? Skontaktuj si\u0119 z nami, ch\u0119tnie odpowiemy na Twoje pytania.<\/p>\n","protected":false},"author":1,"featured_media":0,"parent":0,"menu_order":0,"comment_status":"closed","ping_status":"closed","template":"","meta":{"iawp_total_views":97,"footnotes":""},"class_list":["post-20","page","type-page","status-publish","hentry","entry"],"_links":{"self":[{"href":"https:\/\/lukaszmyciedomowdrewnianych.pl\/index.php?rest_route=\/wp\/v2\/pages\/20","targetHints":{"allow":["GET"]}}],"collection":[{"href":"https:\/\/lukaszmyciedomowdrewnianych.pl\/index.php?rest_route=\/wp\/v2\/pages"}],"about":[{"href":"https:\/\/lukaszmyciedomowdrewnianych.pl\/index.php?rest_route=\/wp\/v2\/types\/page"}],"author":[{"embeddable":true,"href":"https:\/\/lukaszmyciedomowdrewnianych.pl\/index.php?rest_route=\/wp\/v2\/users\/1"}],"replies":[{"embeddable":true,"href":"https:\/\/lukaszmyciedomowdrewnianych.pl\/index.php?rest_route=%2Fwp%2Fv2%2Fcomments&post=20"}],"version-history":[{"count":4,"href":"https:\/\/lukaszmyciedomowdrewnianych.pl\/index.php?rest_route=\/wp\/v2\/pages\/20\/revisions"}],"predecessor-version":[{"id":284,"href":"https:\/\/lukaszmyciedomowdrewnianych.pl\/index.php?rest_route=\/wp\/v2\/pages\/20\/revisions\/284"}],"wp:attachment":[{"href":"https:\/\/lukaszmyciedomowdrewnianych.pl\/index.php?rest_route=%2Fwp%2Fv2%2Fmedia&parent=20"}],"curies":[{"name":"wp","href":"https:\/\/api.w.org\/{rel}","templated":true}]}}